{"id":2778,"date":"2025-04-09T14:15:08","date_gmt":"2025-04-09T14:15:08","guid":{"rendered":"https:\/\/rovelotire.ca\/acerca-de\/sustentabilidad\/"},"modified":"2025-09-16T13:54:53","modified_gmt":"2025-09-16T13:54:53","slug":"sustentabilidad","status":"publish","type":"page","link":"https:\/\/rovelotire.staging.binary.ink\/es-us\/acerca-de\/sustentabilidad\/","title":{"rendered":"SUSTENTABILIDAD"},"content":{"rendered":"\n<div class=\"wp-block-group squiggle-container bg-green-fade pt-5 has-white-color has-green-dark-background-color has-text-color has-background has-link-color wp-elements-23f46571ad2c7d7471731ae546e9b161\">\n<svg xmlns=\"http:\/\/www.w3.org\/2000\/svg\" class=\"squiggle\" width=\"1440\" height=\"1751\" viewbox=\"0 0 1440 1751\" fill=\"none\"><path d=\"M555.213 -770C651.202 -509.934 -107.964 -347.267 -99.2889 199.128C-90.6137 745.523 997.663 595.871 1434.18 811.358C1783.39 983.747 1480.94 1330.78 1286.07 1482.75L1134 1587\" stroke=\"#42F59E\" stroke-width=\"5\" stroke-linejoin=\"round\" stroke-linecap=\"round\"><\/path><\/svg>\n\n\n<div class=\"wp-block-group container-xl pt-5 pb-5 squiggle-inner\">\n<div class=\"wp-block-group col-lg-8 m-auto mb-5 pb-lg-5 mt-5 pt-lg-5\">\n<h1 class=\"wp-block-heading has-text-align-center has-primary-color has-text-color has-link-color has-size-4-font-size wp-elements-578c4f9f76fc9be3b7b724be9a5d7720\" data-aos=\"fade-up\" data-aos-duration=\"800\">Desarrollar una industria de neum\u00e1ticos sustentable<\/h1>\n\n\n\n<p class=\"has-text-align-center mt-5 text-shadow\" data-aos=\"fade-up\" data-aos-duration=\"800\" data-aos-delay=\"50\">En Rovelo, la sustentabilidad de los neum\u00e1ticos no es solamente una meta, es nuestra responsabilidad. Estamos comprometidos con reducir nuestro impacto ambiental en cada etapa de nuestra fabricaci\u00f3n de neum\u00e1ticos e impulsar hacia un futuro m\u00e1s verde para las generaciones futuras. <\/p>\n<\/div>\n\n\n\n<h2 class=\"wp-block-heading has-text-align-center text-outline has-primary-color has-text-color has-link-color wp-elements-6ea3791c2a7169277b57a223b8c9e12f\" data-aos=\"fade-up\" data-aos-duration=\"800\" data-aos-delay=\"150\">El camino hacia neum\u00e1ticos 100% sustentables<\/h2>\n\n\n\n<div class=\"wp-block-columns has-green-dark-color has-text-color has-link-color wp-elements-31fce1179d53705dbe3868babc42c44a\">\n<div class=\"wp-block-column\">\n<div class=\"wp-block-group h-100 m-3 has-white-background-color has-background\" data-aos=\"fade-up\" data-aos-duration=\"800\" data-aos-delay=\"50\">\n<figure class=\"wp-block-image size-full\"><img loading=\"lazy\" decoding=\"async\" width=\"720\" height=\"360\" src=\"https:\/\/rovelotire.ca\/wp-content\/uploads\/2025\/05\/Sustainability-Section2-Stats-IMG1.webp\" alt=\"\" class=\"wp-image-291\"\/><\/figure>\n\n\n<div class=\"wp-block-group p-3 pb-0\">\n<h3 class=\"wp-block-heading has-text-align-center has-primary-color has-text-color has-link-color wp-elements-14d8c55c5f7c8ed4fcc3d28745ca4ec2\">D\u00f3nde nos encontramos hoy<\/h3>\n\n\n\n<p class=\"has-text-align-center\">En 2024, hicimos avances significativos por reducir las emisiones de carbono en nuestras l\u00edneas de productos (en relaci\u00f3n a 2022):<\/p>\n\n\n\n<figure class=\"wp-block-table table-percent mb-0\"><table><tbody><tr><td>19.3%<\/td><td>Reducci\u00f3n de 19.3% en emisiones de carbono por unidad de fabricaci\u00f3n de neum\u00e1tico radial con fabricaci\u00f3n parcial de acero.<\/td><\/tr><tr><td>19.7%<\/td><td>Reducci\u00f3n de 19.7% en emisiones de carbono por unidad de fabricaci\u00f3n de neum\u00e1tico radial con fabricaci\u00f3n completa de acero.<\/td><\/tr><tr><td>29.9%<\/td><td>Reducci\u00f3n de 29.9% en emisiones de carbono por unidad de fabricaci\u00f3n de neum\u00e1tico radial todoterreno (OTR).<\/td><\/tr><\/tbody><\/table><\/figure><\/div>\n<\/div>\n<\/div>\n\n\n\n<div class=\"wp-block-column\">\n<div class=\"wp-block-group h-100 m-3 has-white-background-color has-background\" data-aos=\"fade-up\" data-aos-duration=\"800\" data-aos-delay=\"150\">\n<figure class=\"wp-block-image size-full\"><img loading=\"lazy\" decoding=\"async\" width=\"720\" height=\"360\" src=\"https:\/\/rovelotire.ca\/wp-content\/uploads\/2025\/05\/Sustainability-Section2-Stats-IMG2.webp\" alt=\"\" class=\"wp-image-293\"\/><\/figure>\n\n\n<div class=\"wp-block-group p-3 pb-0\">\n<h3 class=\"wp-block-heading has-text-align-center has-primary-color has-text-color has-link-color wp-elements-e659177f712f83204124d612634e6471\">En qu\u00e9 estamos trabajando<\/h3>\n\n\n\n<p class=\"has-text-align-center\">Para 2030, estamos comprometidos con alcanzar las siguientes metas de sustentabilidad (en relaci\u00f3n a 2022):<\/p>\n\n\n\n<figure class=\"wp-block-table table-percent mb-0\"><table><tbody><tr><td>30%<\/td><td>Reducci\u00f3n de 30% en consumo de energ\u00eda por unidad de producto de neum\u00e1tico.<\/td><\/tr><tr><td>30%<\/td><td>Reducci\u00f3n de 30% en emisiones de carbono por unidad de producto de neum\u00e1tico.<\/td><\/tr><tr><td>40%<\/td><td>40% de material sustentable usado en neum\u00e1ticos.<\/td><\/tr><\/tbody><\/table><\/figure><\/div>\n<\/div>\n<\/div>\n\n\n\n<div class=\"wp-block-column\">\n<div class=\"wp-block-group h-100 m-3 has-white-background-color has-background\" data-aos=\"fade-up\" data-aos-duration=\"800\" data-aos-delay=\"250\">\n<figure class=\"wp-block-image size-full\"><img loading=\"lazy\" decoding=\"async\" width=\"720\" height=\"360\" src=\"https:\/\/rovelotire.ca\/wp-content\/uploads\/2025\/05\/Sustainability-Section2-Stats-IMG3.webp\" alt=\"\" class=\"wp-image-294\"\/><\/figure>\n\n\n<div class=\"wp-block-group p-3 pb-0\">\n<h3 class=\"wp-block-heading has-text-align-center has-primary-color has-text-color has-link-color wp-elements-7a987e232d754fb76c4db6151b21bdd5\">Hacia d\u00f3nde vamos<\/h3>\n\n\n\n<p class=\"has-text-align-center\">Para 2050, queremos ser una de las empresas de neum\u00e1ticos m\u00e1s sustentables en el mundo:<\/p>\n\n\n\n<hr class=\"wp-block-separator has-text-color has-grey-color has-alpha-channel-opacity has-grey-background-color has-background mt-4\"\/>\n\n\n\n<p class=\"has-text-align-center lh-1 victor has-primary-color has-text-color has-link-color has-size-5-font-size wp-elements-4a14f77a739e388092194583d82978ed\">100%<\/p>\n\n\n\n<p class=\"has-text-align-center\">100% de huella de materiales sustentables en todos los productos.<\/p>\n<\/div>\n<\/div>\n<\/div>\n<\/div>\n\n\n\n<p><\/p>\n<\/div>\n<\/div>\n\n<div class=\"wp-block-group pt-5 has-white-background-color has-background\">\n<div class=\"wp-block-group container-xl mt-5\">\n<h2 class=\"wp-block-heading has-text-align-center col-lg-8 m-auto has-primary-color has-text-color has-link-color wp-elements-ae8594cb99304c3d96e8560dd3a3dc0f\" data-aos=\"zoom-in\" data-aos-duration=\"800\">Estamos comprometidos con la gesti\u00f3n medioambiental y la eficiencia energ\u00e9tica<\/h2>\n<\/div>\n\n\n\n<div class=\"wp-block-cover is-light\" style=\"min-height:800px;aspect-ratio:unset;\"><img loading=\"lazy\" decoding=\"async\" width=\"1336\" height=\"690\" class=\"wp-block-cover__image-background wp-image-1584 size-full\" alt=\"\" src=\"https:\/\/rovelotire.ca\/wp-content\/uploads\/2025\/07\/sustainability-bg.jpg\" style=\"object-position:33% 30%\" data-object-fit=\"cover\" data-object-position=\"33% 30%\"\/><span aria-hidden=\"true\" class=\"wp-block-cover__background has-background-dim-0 has-background-dim\" style=\"background-color:#d9dad5\"><\/span><div class=\"wp-block-cover__inner-container\">\n<div class=\"wp-block-group container-xl\">\n<div class=\"wp-block-group col-lg-6\">\n<h3 class=\"wp-block-heading mb-4\">Clasificaci\u00f3n de desempe\u00f1o ESG<\/h3>\n\n\n\n<div class=\"wp-block-group border border-2 border-primary rounded-1 mb-4 p-3 ps-lg-5 has-light-background-color has-background\" data-aos=\"fade-right\" data-aos-duration=\"800\" data-aos-delay=\"50\">\n<div class=\"wp-block-media-text\" style=\"grid-template-columns:15% auto\"><figure class=\"wp-block-media-text__media\"><img loading=\"lazy\" decoding=\"async\" width=\"80\" height=\"80\" src=\"https:\/\/rovelotire.ca\/wp-content\/uploads\/2025\/06\/icon-cdp.png\" alt=\"CDP\" class=\"wp-image-683 size-full\"\/><\/figure><div class=\"wp-block-media-text__content\">\n<h4 class=\"wp-block-heading has-primary-color has-text-color has-link-color has-size-1-font-size wp-elements-b9aa8d1063c5a2ce38412879393d4003\">Carbon Disclosure Project (CDP)<\/h4>\n\n\n\n<p>Clasificaci\u00f3n B para \u201cCambio clim\u00e1tico\u201d y \u201cSeguridad de agua\u201d.<\/p>\n<\/div><\/div>\n<\/div>\n\n\n\n<div class=\"wp-block-group border border-2 border-primary rounded-1 mb-4 p-3  ps-lg-5 has-light-background-color has-background\" data-aos=\"fade-right\" data-aos-duration=\"800\" data-aos-delay=\"150\">\n<div class=\"wp-block-media-text\" style=\"grid-template-columns:15% auto\"><figure class=\"wp-block-media-text__media\"><img loading=\"lazy\" decoding=\"async\" width=\"80\" height=\"81\" src=\"https:\/\/rovelotire.ca\/wp-content\/uploads\/2025\/06\/icon-ecovadis.png\" alt=\"Galardonada con la medalla de plata Ecovadis por sustentabilidad.\" class=\"wp-image-621 size-full\"\/><\/figure><div class=\"wp-block-media-text__content\">\n<h4 class=\"wp-block-heading has-primary-color has-text-color has-link-color has-size-1-font-size wp-elements-eebd816cc06fa651d276b1886ce0c3c8\">Ecovadis<\/h4>\n\n\n\n<p>Medalla de plata (primer 15%) en 2024.<\/p>\n<\/div><\/div>\n<\/div>\n\n\n\n<div class=\"wp-block-group border border-2 border-primary rounded-1 mb-4 p-3  ps-lg-5 has-light-background-color has-background\" data-aos=\"fade-right\" data-aos-duration=\"800\" data-aos-delay=\"250\">\n<div class=\"wp-block-media-text\" style=\"grid-template-columns:15% auto\"><figure class=\"wp-block-media-text__media\"><img loading=\"lazy\" decoding=\"async\" width=\"80\" height=\"80\" src=\"https:\/\/rovelotire.ca\/wp-content\/uploads\/2025\/06\/icon-msci.png\" alt=\"MSCI\" class=\"wp-image-690 size-full\"\/><\/figure><div class=\"wp-block-media-text__content\">\n<h4 class=\"wp-block-heading has-primary-color has-text-color has-link-color has-size-1-font-size wp-elements-2d5ea91ad1ff07ce20e960f2e5867556\">Morgan Stanley Capital International (MSCI)<\/h4>\n\n\n\n<p>Clasificaci\u00f3n BB<\/p>\n<\/div><\/div>\n<\/div>\n<\/div>\n<\/div>\n<\/div><\/div>\n<\/div>\n\n<div class=\"wp-block-group pt-5 pb-5 has-light-background-color has-background\">\n<div class=\"wp-block-group container-xl\">\n<h2 class=\"wp-block-heading has-text-align-center has-primary-color has-text-color has-link-color wp-elements-6d80f71baf5dd4e64a0d0e7d2015f67e\" data-aos=\"fade-up\" data-aos-duration=\"600\"><strong>Compromisos de sustentabilidad de neum\u00e1ticos<\/strong><\/h2>\n\n\n\n<div class=\"wp-block-columns pt-5 mt-lg-5\">\n<div class=\"wp-block-column\">\n<div class=\"wp-block-group col-lg-8 m-auto\" data-aos=\"fade-up\" data-aos-duration=\"800\">\n<figure class=\"wp-block-image aligncenter size-full\"><img loading=\"lazy\" decoding=\"async\" width=\"201\" height=\"113\" src=\"https:\/\/rovelotire.ca\/wp-content\/uploads\/2025\/06\/icon-ungc.png\" alt=\"UNGC\" class=\"wp-image-708\"\/><\/figure>\n\n\n<p class=\"has-text-align-center\">United Nations Global Compact (UNGC)<\/p>\n<\/div>\n<\/div>\n\n\n\n<div class=\"wp-block-column\">\n<div class=\"wp-block-group col-lg-8 m-auto\" data-aos=\"fade-up\" data-aos-duration=\"800\" data-aos-delay=\"50\">\n<figure class=\"wp-block-image aligncenter size-full\"><img loading=\"lazy\" decoding=\"async\" width=\"378\" height=\"113\" src=\"https:\/\/rovelotire.ca\/wp-content\/uploads\/2025\/06\/icon-gpsnr.png\" alt=\"GPSNR\" class=\"wp-image-704\"\/><\/figure>\n\n\n<p class=\"has-text-align-center\">Global Platform for Sustainable Natural Rubber (GPSNR)<\/p>\n<\/div>\n<\/div>\n\n\n\n<div class=\"wp-block-column\">\n<div class=\"wp-block-group col-lg-8 m-auto\" data-aos=\"fade-up\" data-aos-duration=\"800\" data-aos-delay=\"100\">\n<figure class=\"wp-block-image aligncenter size-full\"><img loading=\"lazy\" decoding=\"async\" width=\"380\" height=\"113\" src=\"https:\/\/rovelotire.ca\/wp-content\/uploads\/2025\/06\/icon-sbti.png\" alt=\"SBTI\" class=\"wp-image-700\"\/><\/figure>\n\n\n<p class=\"has-text-align-center\">Science Based Targets Initiative (SBTI)<\/p>\n<\/div>\n<\/div>\n<\/div>\n<\/div>\n<\/div>\n","protected":false},"excerpt":{"rendered":"<p>Desarrollar una industria de neum\u00e1ticos sustentable En Rovelo, la sustentabilidad de los neum\u00e1ticos no es solamente una meta, es nuestra responsabilidad. Estamos comprometidos con reducir nuestro impacto ambiental en cada etapa de nuestra fabricaci\u00f3n de neum\u00e1ticos e impulsar hacia un futuro m\u00e1s verde para las generaciones futuras. El camino hacia neum\u00e1ticos 100% sustentables D\u00f3nde nos [&hellip;]<\/p>\n","protected":false},"author":1,"featured_media":0,"parent":2776,"menu_order":0,"comment_status":"closed","ping_status":"closed","template":"","meta":{"_acf_changed":false,"footnotes":""},"class_list":["post-2778","page","type-page","status-publish","hentry"],"acf":[],"yoast_head":"<!-- This site is optimized with the Yoast SEO plugin v27.2 - https:\/\/yoast.com\/product\/yoast-seo-wordpress\/ -->\n<title>Nuestra Sostenibilidad - Llantas Sostenibles | Rovelo Tires US<\/title>\n<meta name=\"description\" content=\"Estamos comprometidos con la reducci\u00f3n del consumo de energ\u00eda, el uso de materiales ecol\u00f3gicos y la integraci\u00f3n de pr\u00e1cticas sostenibles en nuestra gesti\u00f3n y operaciones. Descubre m\u00e1s.\" \/>\n<meta name=\"robots\" content=\"index, follow, max-snippet:-1, max-image-preview:large, max-video-preview:-1\" \/>\n<link rel=\"canonical\" href=\"https:\/\/rovelotire.staging.binary.ink\/es-us\/acerca-de\/sustentabilidad\/\" \/>\n<meta property=\"og:locale\" content=\"es_ES\" \/>\n<meta property=\"og:type\" content=\"article\" \/>\n<meta property=\"og:title\" content=\"Nuestra Sostenibilidad - Llantas Sostenibles | Rovelo Tires US\" \/>\n<meta property=\"og:description\" content=\"Estamos comprometidos con la reducci\u00f3n del consumo de energ\u00eda, el uso de materiales ecol\u00f3gicos y la integraci\u00f3n de pr\u00e1cticas sostenibles en nuestra gesti\u00f3n y operaciones. Descubre m\u00e1s.\" \/>\n<meta property=\"og:url\" content=\"https:\/\/rovelotire.staging.binary.ink\/es-us\/acerca-de\/sustentabilidad\/\" \/>\n<meta property=\"og:site_name\" content=\"Rovelo Tire Canada\" \/>\n<meta property=\"article:modified_time\" content=\"2025-09-16T13:54:53+00:00\" \/>\n<meta property=\"og:image\" content=\"https:\/\/rovelotire.ca\/wp-content\/uploads\/2025\/05\/Sustainability-Section2-Stats-IMG1.webp\" \/>\n<meta name=\"twitter:card\" content=\"summary_large_image\" \/>\n<meta name=\"twitter:label1\" content=\"Est. reading time\" \/>\n\t<meta name=\"twitter:data1\" content=\"4 minutes\" \/>\n<script type=\"application\/ld+json\" class=\"yoast-schema-graph\">{\"@context\":\"https:\/\/schema.org\",\"@graph\":[{\"@type\":\"WebPage\",\"@id\":\"https:\/\/rovelotire.staging.binary.ink\/es-us\/acerca-de\/sustentabilidad\/\",\"url\":\"https:\/\/rovelotire.staging.binary.ink\/es-us\/acerca-de\/sustentabilidad\/\",\"name\":\"Nuestra Sostenibilidad - Llantas Sostenibles | Rovelo Tires US\",\"isPartOf\":{\"@id\":\"https:\/\/rovelotire.ca\/#website\"},\"primaryImageOfPage\":{\"@id\":\"https:\/\/rovelotire.staging.binary.ink\/es-us\/acerca-de\/sustentabilidad\/#primaryimage\"},\"image\":{\"@id\":\"https:\/\/rovelotire.staging.binary.ink\/es-us\/acerca-de\/sustentabilidad\/#primaryimage\"},\"thumbnailUrl\":\"https:\/\/rovelotire.ca\/wp-content\/uploads\/2025\/05\/Sustainability-Section2-Stats-IMG1.webp\",\"datePublished\":\"2025-04-09T14:15:08+00:00\",\"dateModified\":\"2025-09-16T13:54:53+00:00\",\"description\":\"Estamos comprometidos con la reducci\u00f3n del consumo de energ\u00eda, el uso de materiales ecol\u00f3gicos y la integraci\u00f3n de pr\u00e1cticas sostenibles en nuestra gesti\u00f3n y operaciones. Descubre m\u00e1s.\",\"breadcrumb\":{\"@id\":\"https:\/\/rovelotire.staging.binary.ink\/es-us\/acerca-de\/sustentabilidad\/#breadcrumb\"},\"inLanguage\":\"es-US\",\"potentialAction\":[{\"@type\":\"ReadAction\",\"target\":[\"https:\/\/rovelotire.staging.binary.ink\/es-us\/acerca-de\/sustentabilidad\/\"]}]},{\"@type\":\"ImageObject\",\"inLanguage\":\"es-US\",\"@id\":\"https:\/\/rovelotire.staging.binary.ink\/es-us\/acerca-de\/sustentabilidad\/#primaryimage\",\"url\":\"https:\/\/rovelotire.ca\/wp-content\/uploads\/2025\/05\/Sustainability-Section2-Stats-IMG1.webp\",\"contentUrl\":\"https:\/\/rovelotire.ca\/wp-content\/uploads\/2025\/05\/Sustainability-Section2-Stats-IMG1.webp\"},{\"@type\":\"BreadcrumbList\",\"@id\":\"https:\/\/rovelotire.staging.binary.ink\/es-us\/acerca-de\/sustentabilidad\/#breadcrumb\",\"itemListElement\":[{\"@type\":\"ListItem\",\"position\":1,\"name\":\"Home\",\"item\":\"https:\/\/rovelotireusa.staging.binary.ink\/es-us\/\"},{\"@type\":\"ListItem\",\"position\":2,\"name\":\"ACERCA DE\",\"item\":\"https:\/\/rovelotireusa.staging.binary.ink\/es-us\/acerca-de\/\"},{\"@type\":\"ListItem\",\"position\":3,\"name\":\"SUSTENTABILIDAD\"}]},{\"@type\":\"WebSite\",\"@id\":\"https:\/\/rovelotire.ca\/#website\",\"url\":\"https:\/\/rovelotire.ca\/\",\"name\":\"Rovelo Tires Canada\",\"description\":\"\",\"publisher\":{\"@id\":\"https:\/\/rovelotire.ca\/#organization\"},\"alternateName\":\"Rovelo Tires Canada\",\"potentialAction\":[{\"@type\":\"SearchAction\",\"target\":{\"@type\":\"EntryPoint\",\"urlTemplate\":\"https:\/\/rovelotire.ca\/?s={search_term_string}\"},\"query-input\":{\"@type\":\"PropertyValueSpecification\",\"valueRequired\":true,\"valueName\":\"search_term_string\"}}],\"inLanguage\":\"es-US\"},{\"@type\":\"Organization\",\"@id\":\"https:\/\/rovelotire.ca\/#organization\",\"name\":\"Rovelo Tires Canada\",\"url\":\"https:\/\/rovelotire.ca\/\",\"logo\":{\"@type\":\"ImageObject\",\"inLanguage\":\"es-US\",\"@id\":\"https:\/\/rovelotire.ca\/#\/schema\/logo\/image\/\",\"url\":\"https:\/\/rovelotire.staging.binary.ink\/wp-content\/uploads\/2025\/04\/rovelo-logo.svg\",\"contentUrl\":\"https:\/\/rovelotire.staging.binary.ink\/wp-content\/uploads\/2025\/04\/rovelo-logo.svg\",\"caption\":\"Rovelo Tires Canada\"},\"image\":{\"@id\":\"https:\/\/rovelotire.ca\/#\/schema\/logo\/image\/\"}}]}<\/script>\n<!-- \/ Yoast SEO plugin. -->","yoast_head_json":{"title":"Nuestra Sostenibilidad - Llantas Sostenibles | Rovelo Tires US","description":"Estamos comprometidos con la reducci\u00f3n del consumo de energ\u00eda, el uso de materiales ecol\u00f3gicos y la integraci\u00f3n de pr\u00e1cticas sostenibles en nuestra gesti\u00f3n y operaciones. Descubre m\u00e1s.","robots":{"index":"index","follow":"follow","max-snippet":"max-snippet:-1","max-image-preview":"max-image-preview:large","max-video-preview":"max-video-preview:-1"},"canonical":"https:\/\/rovelotire.staging.binary.ink\/es-us\/acerca-de\/sustentabilidad\/","og_locale":"es_ES","og_type":"article","og_title":"Nuestra Sostenibilidad - Llantas Sostenibles | Rovelo Tires US","og_description":"Estamos comprometidos con la reducci\u00f3n del consumo de energ\u00eda, el uso de materiales ecol\u00f3gicos y la integraci\u00f3n de pr\u00e1cticas sostenibles en nuestra gesti\u00f3n y operaciones. Descubre m\u00e1s.","og_url":"https:\/\/rovelotire.staging.binary.ink\/es-us\/acerca-de\/sustentabilidad\/","og_site_name":"Rovelo Tire Canada","article_modified_time":"2025-09-16T13:54:53+00:00","og_image":[{"url":"https:\/\/rovelotire.ca\/wp-content\/uploads\/2025\/05\/Sustainability-Section2-Stats-IMG1.webp","type":"","width":"","height":""}],"twitter_card":"summary_large_image","twitter_misc":{"Est. reading time":"4 minutes"},"schema":{"@context":"https:\/\/schema.org","@graph":[{"@type":"WebPage","@id":"https:\/\/rovelotire.staging.binary.ink\/es-us\/acerca-de\/sustentabilidad\/","url":"https:\/\/rovelotire.staging.binary.ink\/es-us\/acerca-de\/sustentabilidad\/","name":"Nuestra Sostenibilidad - Llantas Sostenibles | Rovelo Tires US","isPartOf":{"@id":"https:\/\/rovelotire.ca\/#website"},"primaryImageOfPage":{"@id":"https:\/\/rovelotire.staging.binary.ink\/es-us\/acerca-de\/sustentabilidad\/#primaryimage"},"image":{"@id":"https:\/\/rovelotire.staging.binary.ink\/es-us\/acerca-de\/sustentabilidad\/#primaryimage"},"thumbnailUrl":"https:\/\/rovelotire.ca\/wp-content\/uploads\/2025\/05\/Sustainability-Section2-Stats-IMG1.webp","datePublished":"2025-04-09T14:15:08+00:00","dateModified":"2025-09-16T13:54:53+00:00","description":"Estamos comprometidos con la reducci\u00f3n del consumo de energ\u00eda, el uso de materiales ecol\u00f3gicos y la integraci\u00f3n de pr\u00e1cticas sostenibles en nuestra gesti\u00f3n y operaciones. Descubre m\u00e1s.","breadcrumb":{"@id":"https:\/\/rovelotire.staging.binary.ink\/es-us\/acerca-de\/sustentabilidad\/#breadcrumb"},"inLanguage":"es-US","potentialAction":[{"@type":"ReadAction","target":["https:\/\/rovelotire.staging.binary.ink\/es-us\/acerca-de\/sustentabilidad\/"]}]},{"@type":"ImageObject","inLanguage":"es-US","@id":"https:\/\/rovelotire.staging.binary.ink\/es-us\/acerca-de\/sustentabilidad\/#primaryimage","url":"https:\/\/rovelotire.ca\/wp-content\/uploads\/2025\/05\/Sustainability-Section2-Stats-IMG1.webp","contentUrl":"https:\/\/rovelotire.ca\/wp-content\/uploads\/2025\/05\/Sustainability-Section2-Stats-IMG1.webp"},{"@type":"BreadcrumbList","@id":"https:\/\/rovelotire.staging.binary.ink\/es-us\/acerca-de\/sustentabilidad\/#breadcrumb","itemListElement":[{"@type":"ListItem","position":1,"name":"Home","item":"https:\/\/rovelotireusa.staging.binary.ink\/es-us\/"},{"@type":"ListItem","position":2,"name":"ACERCA DE","item":"https:\/\/rovelotireusa.staging.binary.ink\/es-us\/acerca-de\/"},{"@type":"ListItem","position":3,"name":"SUSTENTABILIDAD"}]},{"@type":"WebSite","@id":"https:\/\/rovelotire.ca\/#website","url":"https:\/\/rovelotire.ca\/","name":"Rovelo Tires Canada","description":"","publisher":{"@id":"https:\/\/rovelotire.ca\/#organization"},"alternateName":"Rovelo Tires Canada","potentialAction":[{"@type":"SearchAction","target":{"@type":"EntryPoint","urlTemplate":"https:\/\/rovelotire.ca\/?s={search_term_string}"},"query-input":{"@type":"PropertyValueSpecification","valueRequired":true,"valueName":"search_term_string"}}],"inLanguage":"es-US"},{"@type":"Organization","@id":"https:\/\/rovelotire.ca\/#organization","name":"Rovelo Tires Canada","url":"https:\/\/rovelotire.ca\/","logo":{"@type":"ImageObject","inLanguage":"es-US","@id":"https:\/\/rovelotire.ca\/#\/schema\/logo\/image\/","url":"https:\/\/rovelotire.staging.binary.ink\/wp-content\/uploads\/2025\/04\/rovelo-logo.svg","contentUrl":"https:\/\/rovelotire.staging.binary.ink\/wp-content\/uploads\/2025\/04\/rovelo-logo.svg","caption":"Rovelo Tires Canada"},"image":{"@id":"https:\/\/rovelotire.ca\/#\/schema\/logo\/image\/"}}]}},"_links":{"self":[{"href":"https:\/\/rovelotire.staging.binary.ink\/es-us\/wp-json\/wp\/v2\/pages\/2778","targetHints":{"allow":["GET"]}}],"collection":[{"href":"https:\/\/rovelotire.staging.binary.ink\/es-us\/wp-json\/wp\/v2\/pages"}],"about":[{"href":"https:\/\/rovelotire.staging.binary.ink\/es-us\/wp-json\/wp\/v2\/types\/page"}],"author":[{"embeddable":true,"href":"https:\/\/rovelotire.staging.binary.ink\/es-us\/wp-json\/wp\/v2\/users\/1"}],"replies":[{"embeddable":true,"href":"https:\/\/rovelotire.staging.binary.ink\/es-us\/wp-json\/wp\/v2\/comments?post=2778"}],"version-history":[{"count":1,"href":"https:\/\/rovelotire.staging.binary.ink\/es-us\/wp-json\/wp\/v2\/pages\/2778\/revisions"}],"predecessor-version":[{"id":2779,"href":"https:\/\/rovelotire.staging.binary.ink\/es-us\/wp-json\/wp\/v2\/pages\/2778\/revisions\/2779"}],"up":[{"embeddable":true,"href":"https:\/\/rovelotire.staging.binary.ink\/es-us\/wp-json\/wp\/v2\/pages\/2776"}],"wp:attachment":[{"href":"https:\/\/rovelotire.staging.binary.ink\/es-us\/wp-json\/wp\/v2\/media?parent=2778"}],"curies":[{"name":"wp","href":"https:\/\/api.w.org\/{rel}","templated":true}]}}