{"id":2776,"date":"2025-04-09T14:13:55","date_gmt":"2025-04-09T14:13:55","guid":{"rendered":"https:\/\/rovelotire.ca\/acerca-de\/"},"modified":"2025-09-16T13:53:23","modified_gmt":"2025-09-16T13:53:23","slug":"acerca-de","status":"publish","type":"page","link":"https:\/\/rovelotire.staging.binary.ink\/es-us\/acerca-de\/","title":{"rendered":"ACERCA DE"},"content":{"rendered":"\n<div class=\"wp-block-cover\" style=\"min-height:350px;aspect-ratio:unset;\"><img loading=\"lazy\" decoding=\"async\" width=\"1024\" height=\"469\" class=\"wp-block-cover__image-background wp-image-308 size-large\" alt=\"Close up of tire tread\" src=\"https:\/\/rovelotire.ca\/wp-content\/uploads\/2025\/06\/about-bg-1024x469.jpg\" data-object-fit=\"cover\"\/><span aria-hidden=\"true\" class=\"wp-block-cover__background has-dark-background-color has-background-dim-60 has-background-dim\"><\/span><div class=\"wp-block-cover__inner-container\">\n<h1 class=\"wp-block-heading has-text-align-center text-shadow has-primary-color has-text-color has-link-color has-size-4-font-size wp-elements-0be15c5cd4acd18db562e41cae1ba765\">Neum\u00e1ticos Rovelo<\/h1>\n\n\n\n<p class=\"has-text-align-center\">Impulsados por la innovaci\u00f3n. Inspirados por el desempe\u00f1o. <\/p>\n<\/div><\/div>\n\n<div class=\"wp-block-group container-xl mt-5 mb-5 ps-lg-5 pe-lg-5\">\n<div class=\"wp-block-group\" data-aos=\"fade-up\" data-aos-duration=\"800\">\n<h2 class=\"wp-block-heading has-primary-color has-text-color has-link-color wp-elements-1c22e980b8a20f34d11376853ada3df6\"><strong>Conocimiento en movimiento<\/strong><\/h2>\n\n\n\n<div class=\"wp-block-columns gap-3\">\n<div class=\"wp-block-column\">\n<p>Rovelo es un l\u00edder en proporcionar valor excepcional, ofreciendo un rango amplio de tama\u00f1os y aplicaciones populares de neum\u00e1ticos para autom\u00f3viles, camionetas, crossovers y SUV. Nos enfocamos en fabricar neum\u00e1ticos de alta calidad que le ofrecen desempe\u00f1o confiable a los conductores normales a un precio asequible. <\/p>\n<\/div>\n\n\n\n<div class=\"wp-block-column\">\n<p>Mediante un enfoque met\u00f3dico a la investigaci\u00f3n, el desarrollo y las pruebas, Rovelo refina continuamente sus avanzados procesos de fabricaci\u00f3n para asegurar calidad y desempe\u00f1o consistentes. Cada neum\u00e1tico est\u00e1 respaldado por garant\u00edas l\u00edderes en la industria, atenci\u00f3n al cliente dedicada y un valor excepcional en el que puede confiar. <\/p>\n<\/div>\n<\/div>\n<\/div>\n\n\n\n<div class=\"wp-block-columns pt-5 mt-lg-5\">\n<div class=\"wp-block-column\">\n<div class=\"wp-block-group col-lg-8 m-auto\" data-aos=\"fade-up\" data-aos-duration=\"800\">\n<figure class=\"wp-block-image aligncenter size-full\"><img decoding=\"async\" src=\"https:\/\/rovelotire.ca\/wp-content\/uploads\/2025\/06\/icon-rd.svg\" alt=\"Investigaci&#xF3;n y desarrollo innovadores\" class=\"wp-image-311\"\/><\/figure>\n\n\n<h3 class=\"wp-block-heading has-text-align-center col-lg-7 m-auto mb-2 has-primary-color has-text-color has-link-color wp-elements-0360c9593222a84561f9cb89b5897bd4\">Investigaci\u00f3n y desarrollo innovadores<\/h3>\n\n\n\n<p class=\"has-text-align-center\">Ingenier\u00eda avanzada y lanzamientos de producto solicitado que ofrecen soluciones para el mundo real.<\/p>\n<\/div>\n<\/div>\n\n\n\n<div class=\"wp-block-column\">\n<div class=\"wp-block-group col-lg-8 m-auto\" data-aos=\"fade-up\" data-aos-duration=\"800\" data-aos-delay=\"50\">\n<figure class=\"wp-block-image aligncenter size-full\"><img decoding=\"async\" src=\"https:\/\/rovelotire.ca\/wp-content\/uploads\/2025\/06\/icon-warranty.svg\" alt=\"Calidad y garant&#xED;a demostrados\" class=\"wp-image-313\"\/><\/figure>\n\n\n<h3 class=\"wp-block-heading has-text-align-center has-primary-color has-text-color has-link-color wp-elements-6a5413b139b96a2ebe0a5cf0428d1dc8\">Calidad y garant\u00eda demostrados<\/h3>\n\n\n\n<p class=\"has-text-align-center\">Desempe\u00f1o confiable respaldado por garant\u00eda l\u00edder en la industria.<\/p>\n<\/div>\n<\/div>\n\n\n\n<div class=\"wp-block-column\">\n<div class=\"wp-block-group col-lg-8 m-auto\" data-aos=\"fade-up\" data-aos-duration=\"800\" data-aos-delay=\"100\">\n<figure class=\"wp-block-image aligncenter size-full\"><img decoding=\"async\" src=\"https:\/\/rovelotire.ca\/wp-content\/uploads\/2025\/06\/icon-support.svg\" alt=\"Atenci&#xF3;n dedicada para Norteam&#xE9;rica\" class=\"wp-image-315\"\/><\/figure>\n\n\n<h3 class=\"wp-block-heading has-text-align-center has-primary-color has-text-color has-link-color wp-elements-f9871c85e5a73a2edc6c08f0c1c08ddc\">Atenci\u00f3n dedicada para Norteam\u00e9rica<\/h3>\n\n\n\n<p class=\"has-text-align-center\">Ayuda experta de un equipo que conoce sus caminos y sus necesidades.<\/p>\n<\/div>\n<\/div>\n<\/div>\n<\/div>\n<div id=\"med-block-block_feefabeddd95fcf095bd32f16373cb12\"  class=\"container-fluid \">\n    <div class=\"row tire-detailsrow bg-dark text-light\">\n                <div class=\"col-12 col-lg-6 p-0 order-1\">\n            <div class=\"wp-block-cover clip-bottom clip-lg-right\" style=\"aspect-ratio:unset;min-height:200px;\">\n                <img loading=\"lazy\" decoding=\"async\" class=\"wp-block-cover__image-background img-grow-on-load js-animate\" alt=\"\"  src=\"https:\/\/rovelotire.staging.binary.ink\/wp-content\/uploads\/2025\/05\/Section-1-Hero.webp\" data-object-fit=\"cover\">\n            <\/div>\n        <\/div>\n                <div class=\"col-12 col-lg-6 bg-dots-left order-2\">\n            <div class=\"p-2 p-md-5\">\n                <h2 class=\"has-primary-color\">Premios y reconocimiento<\/h2>\n                <div class=\"aos-animate mb-4 col-lg-7 d-flex align-items-center\" data-aos=\"fade-left\" data-aos-delay=\"50\"><img decoding=\"async\" class=\"size-full wp-image-625 me-4\" src=\"https:\/\/rovelotire.ca\/wp-content\/uploads\/2025\/06\/icon-ranked.svg\" alt=\"Clasificada oficialmente como la d\u00e9cima empresa de neum\u00e1ticos m\u00e1s grande a nivel global.\"> Clasificada oficialmente como la d\u00e9cima empresa de neum\u00e1ticos m\u00e1s grande a nivel global.<\/div>\n<div class=\"aos-animate mb-4 col-lg-7 d-flex align-items-center\" data-aos=\"fade-left\" data-aos-delay=\"150\"><img decoding=\"async\" class=\"alignnone size-full wp-image-629 me-4\" src=\"https:\/\/rovelotire.ca\/wp-content\/uploads\/2025\/06\/icon-trusted.svg\" alt=\"Productos confiables vendidos en m\u00e1s de 180 pa\u00edses a nivel mundial.\">Productos confiables vendidos en m\u00e1s de 180 pa\u00edses a nivel mundial.<\/div>\n<div class=\"aos-animate mb-4 col-lg-7 d-flex align-items-center\" data-aos=\"fade-left\" data-aos-delay=\"250\"><img loading=\"lazy\" decoding=\"async\" class=\"alignnone size-full wp-image-621 me-4\" src=\"https:\/\/rovelotire.ca\/wp-content\/uploads\/2025\/06\/icon-ecovadis.png\" alt=\"Galardonada con la medalla de plata Ecovadis por sustentabilidad.\" width=\"80\" height=\"81\">Galardonada con la medalla de plata Ecovadis por sustentabilidad.<\/div>\n            <\/div>  \n        <\/div>\n            <\/div>\n<\/div><div id=\"rev-gallery-block_e5e6ea1735e956ceda312030d817c1d8\"  class=\"rev-gallery \">\n  <!-- \/\/  data-bs-ride=\"carousel\" -->\n  <div class=\"rev-gallery-inner\">\n    <div class=\"slick-slide ratio-1x1 ratio-lg-16x9\"><img decoding=\"async\" class=\"img-fluid object-fit-cover\" src=\"https:\/\/rovelotire.staging.binary.ink\/wp-content\/uploads\/2025\/06\/About-Section5-Carousel-AV-Img6.webp\" alt=\"\" \/><\/div><div class=\"slick-slide ratio-1x1 ratio-lg-16x9\"><img decoding=\"async\" class=\"img-fluid object-fit-cover\" src=\"https:\/\/rovelotire.staging.binary.ink\/wp-content\/uploads\/2025\/06\/About-Section5-Carousel-IAS01-Img8.webp\" alt=\"\" \/><\/div><div class=\"slick-slide ratio-1x1 ratio-lg-16x9\"><img decoding=\"async\" class=\"img-fluid object-fit-cover\" src=\"https:\/\/rovelotire.staging.binary.ink\/wp-content\/uploads\/2025\/06\/About-Section5-Carousel-ISUV-Img7.webp\" alt=\"\" \/><\/div><div class=\"slick-slide ratio-1x1 ratio-lg-16x9\"><img decoding=\"async\" class=\"img-fluid object-fit-cover\" src=\"https:\/\/rovelotire.staging.binary.ink\/wp-content\/uploads\/2025\/06\/About-Section5-Carousel-RAT2-Img3.webp\" alt=\"\" \/><\/div><div class=\"slick-slide ratio-1x1 ratio-lg-16x9\"><img decoding=\"async\" class=\"img-fluid object-fit-cover\" src=\"https:\/\/rovelotire.staging.binary.ink\/wp-content\/uploads\/2025\/06\/About-Section5-Carousel-RAT2-Img4.webp\" alt=\"\" \/><\/div><div class=\"slick-slide ratio-1x1 ratio-lg-16x9\"><img decoding=\"async\" class=\"img-fluid object-fit-cover\" src=\"https:\/\/rovelotire.staging.binary.ink\/wp-content\/uploads\/2025\/06\/About-Section5-Carousel-RRT-Img1.webp\" alt=\"\" \/><\/div><div class=\"slick-slide ratio-1x1 ratio-lg-16x9\"><img decoding=\"async\" class=\"img-fluid object-fit-cover\" src=\"https:\/\/rovelotire.staging.binary.ink\/wp-content\/uploads\/2025\/06\/About-Section5-Carousel-RRT-Img2.webp\" alt=\"\" \/><\/div><div class=\"slick-slide ratio-1x1 ratio-lg-16x9\"><img decoding=\"async\" class=\"img-fluid object-fit-cover\" src=\"https:\/\/rovelotire.staging.binary.ink\/wp-content\/uploads\/2025\/06\/About-Section5-Carousel-AV-Img5.webp\" alt=\"\" \/><\/div>  <\/div>\n  <div class=\"navigation-arrows\">\n      <a type=\"button\" class='slick-prev'>\n      <svg width=\"48\" height=\"48\" viewBox=\"0 0 48 48\" fill=\"none\" xmlns=\"http:\/\/www.w3.org\/2000\/svg\">\n          <rect x=\"1\" y=\"1\" width=\"46\" height=\"46\" rx=\"23\" fill=\"#10170E\"\/>\n          <rect x=\"1\" y=\"1\" width=\"46\" height=\"46\" rx=\"23\" stroke=\"#10170E\" stroke-width=\"2\" \/>\n          <path d=\"M26 16L18 24L26 32\" stroke=\"#DDA527\" stroke-width=\"2.06897\" stroke-linecap=\"round\" class=\"nav-arrow\"\/>\n          <\/svg><\/a>\n      <a type=\"button\" class='slick-next'>\n      <svg width=\"48\" height=\"48\" viewBox=\"0 0 48 48\" fill=\"none\" xmlns=\"http:\/\/www.w3.org\/2000\/svg\">\n          <rect x=\"1\" y=\"1\" width=\"46\" height=\"46\" rx=\"23\" fill=\"#10170E\"\/>\n          <rect x=\"1\" y=\"1\" width=\"46\" height=\"46\" rx=\"23\" stroke=\"#10170E\" stroke-width=\"2\"\/>\n          <path d=\"M21 32L29 24L21 16\" stroke=\"#DDA527\" stroke-width=\"2.06897\" stroke-linecap=\"round\" class=\"nav-arrow\"\/>\n          <\/svg><\/a>\n  <\/div>\n\n<\/div>\n","protected":false},"excerpt":{"rendered":"<p>Conocimiento en movimiento Rovelo es un l\u00edder en proporcionar valor excepcional, ofreciendo un rango amplio de tama\u00f1os y aplicaciones populares de neum\u00e1ticos para autom\u00f3viles, camionetas, crossovers y SUV. Nos enfocamos en fabricar neum\u00e1ticos de alta calidad que le ofrecen desempe\u00f1o confiable a los conductores normales a un precio asequible. Mediante un enfoque met\u00f3dico a la [&hellip;]<\/p>\n","protected":false},"author":1,"featured_media":0,"parent":0,"menu_order":0,"comment_status":"closed","ping_status":"closed","template":"","meta":{"_acf_changed":false,"footnotes":""},"class_list":["post-2776","page","type-page","status-publish","hentry"],"acf":[],"yoast_head":"<!-- This site is optimized with the Yoast SEO plugin v27.2 - https:\/\/yoast.com\/product\/yoast-seo-wordpress\/ -->\n<title>Acerca de Rovelo | Rovelo Tires US<\/title>\n<meta name=\"description\" content=\"Rovelo es l\u00edder en valor, con una amplia gama de tama\u00f1os y aplicaciones populares para autos, camionetas, crossovers y SUVs. Descubre nuestra l\u00ednea completa de neum\u00e1ticos hoy.\" \/>\n<meta name=\"robots\" content=\"index, follow, max-snippet:-1, max-image-preview:large, max-video-preview:-1\" \/>\n<link rel=\"canonical\" href=\"https:\/\/rovelotire.staging.binary.ink\/es-us\/acerca-de\/\" \/>\n<meta property=\"og:locale\" content=\"es_ES\" \/>\n<meta property=\"og:type\" content=\"article\" \/>\n<meta property=\"og:title\" content=\"Acerca de Rovelo | Rovelo Tires US\" \/>\n<meta property=\"og:description\" content=\"Rovelo es l\u00edder en valor, con una amplia gama de tama\u00f1os y aplicaciones populares para autos, camionetas, crossovers y SUVs. Descubre nuestra l\u00ednea completa de neum\u00e1ticos hoy.\" \/>\n<meta property=\"og:url\" content=\"https:\/\/rovelotire.staging.binary.ink\/es-us\/acerca-de\/\" \/>\n<meta property=\"og:site_name\" content=\"Rovelo Tire Canada\" \/>\n<meta property=\"article:modified_time\" content=\"2025-09-16T13:53:23+00:00\" \/>\n<meta property=\"og:image\" content=\"https:\/\/rovelotire.ca\/wp-content\/uploads\/2025\/06\/about-bg-1024x469.jpg\" \/>\n<meta name=\"twitter:card\" content=\"summary_large_image\" \/>\n<meta name=\"twitter:label1\" content=\"Est. reading time\" \/>\n\t<meta name=\"twitter:data1\" content=\"2 minutes\" \/>\n<script type=\"application\/ld+json\" class=\"yoast-schema-graph\">{\"@context\":\"https:\/\/schema.org\",\"@graph\":[{\"@type\":\"WebPage\",\"@id\":\"https:\/\/rovelotire.staging.binary.ink\/es-us\/acerca-de\/\",\"url\":\"https:\/\/rovelotire.staging.binary.ink\/es-us\/acerca-de\/\",\"name\":\"Acerca de Rovelo | Rovelo Tires US\",\"isPartOf\":{\"@id\":\"https:\/\/rovelotire.ca\/#website\"},\"primaryImageOfPage\":{\"@id\":\"https:\/\/rovelotire.staging.binary.ink\/es-us\/acerca-de\/#primaryimage\"},\"image\":{\"@id\":\"https:\/\/rovelotire.staging.binary.ink\/es-us\/acerca-de\/#primaryimage\"},\"thumbnailUrl\":\"https:\/\/rovelotire.ca\/wp-content\/uploads\/2025\/06\/about-bg-1024x469.jpg\",\"datePublished\":\"2025-04-09T14:13:55+00:00\",\"dateModified\":\"2025-09-16T13:53:23+00:00\",\"description\":\"Rovelo es l\u00edder en valor, con una amplia gama de tama\u00f1os y aplicaciones populares para autos, camionetas, crossovers y SUVs. Descubre nuestra l\u00ednea completa de neum\u00e1ticos hoy.\",\"breadcrumb\":{\"@id\":\"https:\/\/rovelotire.staging.binary.ink\/es-us\/acerca-de\/#breadcrumb\"},\"inLanguage\":\"es-US\",\"potentialAction\":[{\"@type\":\"ReadAction\",\"target\":[\"https:\/\/rovelotire.staging.binary.ink\/es-us\/acerca-de\/\"]}]},{\"@type\":\"ImageObject\",\"inLanguage\":\"es-US\",\"@id\":\"https:\/\/rovelotire.staging.binary.ink\/es-us\/acerca-de\/#primaryimage\",\"url\":\"https:\/\/rovelotire.ca\/wp-content\/uploads\/2025\/06\/about-bg-1024x469.jpg\",\"contentUrl\":\"https:\/\/rovelotire.ca\/wp-content\/uploads\/2025\/06\/about-bg-1024x469.jpg\"},{\"@type\":\"BreadcrumbList\",\"@id\":\"https:\/\/rovelotire.staging.binary.ink\/es-us\/acerca-de\/#breadcrumb\",\"itemListElement\":[{\"@type\":\"ListItem\",\"position\":1,\"name\":\"Home\",\"item\":\"https:\/\/rovelotireusa.staging.binary.ink\/es-us\/\"},{\"@type\":\"ListItem\",\"position\":2,\"name\":\"ACERCA DE\"}]},{\"@type\":\"WebSite\",\"@id\":\"https:\/\/rovelotire.ca\/#website\",\"url\":\"https:\/\/rovelotire.ca\/\",\"name\":\"Rovelo Tires Canada\",\"description\":\"\",\"publisher\":{\"@id\":\"https:\/\/rovelotire.ca\/#organization\"},\"alternateName\":\"Rovelo Tires Canada\",\"potentialAction\":[{\"@type\":\"SearchAction\",\"target\":{\"@type\":\"EntryPoint\",\"urlTemplate\":\"https:\/\/rovelotire.ca\/?s={search_term_string}\"},\"query-input\":{\"@type\":\"PropertyValueSpecification\",\"valueRequired\":true,\"valueName\":\"search_term_string\"}}],\"inLanguage\":\"es-US\"},{\"@type\":\"Organization\",\"@id\":\"https:\/\/rovelotire.ca\/#organization\",\"name\":\"Rovelo Tires Canada\",\"url\":\"https:\/\/rovelotire.ca\/\",\"logo\":{\"@type\":\"ImageObject\",\"inLanguage\":\"es-US\",\"@id\":\"https:\/\/rovelotire.ca\/#\/schema\/logo\/image\/\",\"url\":\"https:\/\/rovelotire.staging.binary.ink\/wp-content\/uploads\/2025\/04\/rovelo-logo.svg\",\"contentUrl\":\"https:\/\/rovelotire.staging.binary.ink\/wp-content\/uploads\/2025\/04\/rovelo-logo.svg\",\"caption\":\"Rovelo Tires Canada\"},\"image\":{\"@id\":\"https:\/\/rovelotire.ca\/#\/schema\/logo\/image\/\"}}]}<\/script>\n<!-- \/ Yoast SEO plugin. -->","yoast_head_json":{"title":"Acerca de Rovelo | Rovelo Tires US","description":"Rovelo es l\u00edder en valor, con una amplia gama de tama\u00f1os y aplicaciones populares para autos, camionetas, crossovers y SUVs. Descubre nuestra l\u00ednea completa de neum\u00e1ticos hoy.","robots":{"index":"index","follow":"follow","max-snippet":"max-snippet:-1","max-image-preview":"max-image-preview:large","max-video-preview":"max-video-preview:-1"},"canonical":"https:\/\/rovelotire.staging.binary.ink\/es-us\/acerca-de\/","og_locale":"es_ES","og_type":"article","og_title":"Acerca de Rovelo | Rovelo Tires US","og_description":"Rovelo es l\u00edder en valor, con una amplia gama de tama\u00f1os y aplicaciones populares para autos, camionetas, crossovers y SUVs. Descubre nuestra l\u00ednea completa de neum\u00e1ticos hoy.","og_url":"https:\/\/rovelotire.staging.binary.ink\/es-us\/acerca-de\/","og_site_name":"Rovelo Tire Canada","article_modified_time":"2025-09-16T13:53:23+00:00","og_image":[{"url":"https:\/\/rovelotire.ca\/wp-content\/uploads\/2025\/06\/about-bg-1024x469.jpg","type":"","width":"","height":""}],"twitter_card":"summary_large_image","twitter_misc":{"Est. reading time":"2 minutes"},"schema":{"@context":"https:\/\/schema.org","@graph":[{"@type":"WebPage","@id":"https:\/\/rovelotire.staging.binary.ink\/es-us\/acerca-de\/","url":"https:\/\/rovelotire.staging.binary.ink\/es-us\/acerca-de\/","name":"Acerca de Rovelo | Rovelo Tires US","isPartOf":{"@id":"https:\/\/rovelotire.ca\/#website"},"primaryImageOfPage":{"@id":"https:\/\/rovelotire.staging.binary.ink\/es-us\/acerca-de\/#primaryimage"},"image":{"@id":"https:\/\/rovelotire.staging.binary.ink\/es-us\/acerca-de\/#primaryimage"},"thumbnailUrl":"https:\/\/rovelotire.ca\/wp-content\/uploads\/2025\/06\/about-bg-1024x469.jpg","datePublished":"2025-04-09T14:13:55+00:00","dateModified":"2025-09-16T13:53:23+00:00","description":"Rovelo es l\u00edder en valor, con una amplia gama de tama\u00f1os y aplicaciones populares para autos, camionetas, crossovers y SUVs. Descubre nuestra l\u00ednea completa de neum\u00e1ticos hoy.","breadcrumb":{"@id":"https:\/\/rovelotire.staging.binary.ink\/es-us\/acerca-de\/#breadcrumb"},"inLanguage":"es-US","potentialAction":[{"@type":"ReadAction","target":["https:\/\/rovelotire.staging.binary.ink\/es-us\/acerca-de\/"]}]},{"@type":"ImageObject","inLanguage":"es-US","@id":"https:\/\/rovelotire.staging.binary.ink\/es-us\/acerca-de\/#primaryimage","url":"https:\/\/rovelotire.ca\/wp-content\/uploads\/2025\/06\/about-bg-1024x469.jpg","contentUrl":"https:\/\/rovelotire.ca\/wp-content\/uploads\/2025\/06\/about-bg-1024x469.jpg"},{"@type":"BreadcrumbList","@id":"https:\/\/rovelotire.staging.binary.ink\/es-us\/acerca-de\/#breadcrumb","itemListElement":[{"@type":"ListItem","position":1,"name":"Home","item":"https:\/\/rovelotireusa.staging.binary.ink\/es-us\/"},{"@type":"ListItem","position":2,"name":"ACERCA DE"}]},{"@type":"WebSite","@id":"https:\/\/rovelotire.ca\/#website","url":"https:\/\/rovelotire.ca\/","name":"Rovelo Tires Canada","description":"","publisher":{"@id":"https:\/\/rovelotire.ca\/#organization"},"alternateName":"Rovelo Tires Canada","potentialAction":[{"@type":"SearchAction","target":{"@type":"EntryPoint","urlTemplate":"https:\/\/rovelotire.ca\/?s={search_term_string}"},"query-input":{"@type":"PropertyValueSpecification","valueRequired":true,"valueName":"search_term_string"}}],"inLanguage":"es-US"},{"@type":"Organization","@id":"https:\/\/rovelotire.ca\/#organization","name":"Rovelo Tires Canada","url":"https:\/\/rovelotire.ca\/","logo":{"@type":"ImageObject","inLanguage":"es-US","@id":"https:\/\/rovelotire.ca\/#\/schema\/logo\/image\/","url":"https:\/\/rovelotire.staging.binary.ink\/wp-content\/uploads\/2025\/04\/rovelo-logo.svg","contentUrl":"https:\/\/rovelotire.staging.binary.ink\/wp-content\/uploads\/2025\/04\/rovelo-logo.svg","caption":"Rovelo Tires Canada"},"image":{"@id":"https:\/\/rovelotire.ca\/#\/schema\/logo\/image\/"}}]}},"_links":{"self":[{"href":"https:\/\/rovelotire.staging.binary.ink\/es-us\/wp-json\/wp\/v2\/pages\/2776","targetHints":{"allow":["GET"]}}],"collection":[{"href":"https:\/\/rovelotire.staging.binary.ink\/es-us\/wp-json\/wp\/v2\/pages"}],"about":[{"href":"https:\/\/rovelotire.staging.binary.ink\/es-us\/wp-json\/wp\/v2\/types\/page"}],"author":[{"embeddable":true,"href":"https:\/\/rovelotire.staging.binary.ink\/es-us\/wp-json\/wp\/v2\/users\/1"}],"replies":[{"embeddable":true,"href":"https:\/\/rovelotire.staging.binary.ink\/es-us\/wp-json\/wp\/v2\/comments?post=2776"}],"version-history":[{"count":1,"href":"https:\/\/rovelotire.staging.binary.ink\/es-us\/wp-json\/wp\/v2\/pages\/2776\/revisions"}],"predecessor-version":[{"id":2777,"href":"https:\/\/rovelotire.staging.binary.ink\/es-us\/wp-json\/wp\/v2\/pages\/2776\/revisions\/2777"}],"wp:attachment":[{"href":"https:\/\/rovelotire.staging.binary.ink\/es-us\/wp-json\/wp\/v2\/media?parent=2776"}],"curies":[{"name":"wp","href":"https:\/\/api.w.org\/{rel}","templated":true}]}}