{"id":2752,"date":"2025-04-09T14:10:43","date_gmt":"2025-04-09T14:10:43","guid":{"rendered":"https:\/\/rovelotire.ca\/todos-los-neumaticos\/"},"modified":"2025-09-16T21:02:21","modified_gmt":"2025-09-16T21:02:21","slug":"todos-los-neumaticos","status":"publish","type":"page","link":"https:\/\/rovelotire.staging.binary.ink\/es-us\/todos-los-neumaticos\/","title":{"rendered":"TODOS LOS NEUM\u00c1TICOS"},"content":{"rendered":"\n<div class=\"wp-block-cover has-custom-content-position is-position-top-center has-dark-color has-text-color has-link-color wp-elements-3d288eaea47c2fa29ba1e1b028668475\" style=\"min-height:600px;aspect-ratio:unset;\"><img loading=\"lazy\" decoding=\"async\" width=\"1024\" height=\"981\" class=\"wp-block-cover__image-background wp-image-218 size-large\" alt=\"\" src=\"https:\/\/rovelotire.ca\/wp-content\/uploads\/2025\/05\/9b7828c0d6fc816d4ac542eafee79d1842d31767-1024x981.png\" style=\"object-position:55% 88%\" data-object-fit=\"cover\" data-object-position=\"55% 88%\"\/><span aria-hidden=\"true\" class=\"wp-block-cover__background has-background-dim-100 has-background-dim wp-block-cover__gradient-background has-background-gradient has-light-fade-gradient-background\"><\/span><div class=\"wp-block-cover__inner-container\">\n<div class=\"wp-block-group container mt-5 mb-5\">\n<div class=\"wp-block-group col-lg-8 m-auto\">\n<h2 class=\"wp-block-heading has-text-align-center has-primary-color has-text-color has-link-color has-large-font-size wp-elements-a19801a710dd3823b6de705dd95d4aa8\">Acerca de Rovelo<\/h2>\n\n\n\n<p class=\"has-text-align-center\">Dise\u00f1ados para la conducci\u00f3n cotidiana, los neum\u00e1ticos Rovelo ofrecen manejo suave y tracci\u00f3n s\u00f3lida, ofreciendo el balance correcto de comodidad, control y durabilidad en todas las condiciones.<\/p>\n<\/div>\n<\/div>\n<\/div><\/div>\n","protected":false},"excerpt":{"rendered":"","protected":false},"author":1,"featured_media":0,"parent":0,"menu_order":0,"comment_status":"closed","ping_status":"closed","template":"page-tires.php","meta":{"_acf_changed":false,"footnotes":""},"class_list":["post-2752","page","type-page","status-publish","hentry"],"acf":[],"yoast_head":"<!-- This site is optimized with the Yoast SEO plugin v27.2 - https:\/\/yoast.com\/product\/yoast-seo-wordpress\/ -->\n<title>Explora Nuestra Gama Completa de Llantas | Rovelo Tires US<\/title>\n<meta name=\"description\" content=\"Neum\u00e1ticos para autos, camiones, SUV y CUV. Conoce la l\u00ednea Rovelo: rendimiento, confiabilidad y precio inigualables.\" \/>\n<meta name=\"robots\" content=\"index, follow, max-snippet:-1, max-image-preview:large, max-video-preview:-1\" \/>\n<link rel=\"canonical\" href=\"https:\/\/rovelotire.staging.binary.ink\/es-us\/todos-los-neumaticos\/\" \/>\n<meta property=\"og:locale\" content=\"es_ES\" \/>\n<meta property=\"og:type\" content=\"article\" \/>\n<meta property=\"og:title\" content=\"Explora Nuestra Gama Completa de Llantas | Rovelo Tires US\" \/>\n<meta property=\"og:description\" content=\"Neum\u00e1ticos para autos, camiones, SUV y CUV. Conoce la l\u00ednea Rovelo: rendimiento, confiabilidad y precio inigualables.\" \/>\n<meta property=\"og:url\" content=\"https:\/\/rovelotire.staging.binary.ink\/es-us\/todos-los-neumaticos\/\" \/>\n<meta property=\"og:site_name\" content=\"Rovelo Tire Canada\" \/>\n<meta property=\"article:modified_time\" content=\"2025-09-16T21:02:21+00:00\" \/>\n<meta property=\"og:image\" content=\"https:\/\/rovelotire.ca\/wp-content\/uploads\/2025\/05\/9b7828c0d6fc816d4ac542eafee79d1842d31767-1024x981.png\" \/>\n<meta name=\"twitter:card\" content=\"summary_large_image\" \/>\n<meta name=\"twitter:label1\" content=\"Est. reading time\" \/>\n\t<meta name=\"twitter:data1\" content=\"1 minute\" \/>\n<script type=\"application\/ld+json\" class=\"yoast-schema-graph\">{\"@context\":\"https:\/\/schema.org\",\"@graph\":[{\"@type\":\"WebPage\",\"@id\":\"https:\/\/rovelotire.staging.binary.ink\/es-us\/todos-los-neumaticos\/\",\"url\":\"https:\/\/rovelotire.staging.binary.ink\/es-us\/todos-los-neumaticos\/\",\"name\":\"Explora Nuestra Gama Completa de Llantas | Rovelo Tires US\",\"isPartOf\":{\"@id\":\"https:\/\/rovelotire.ca\/#website\"},\"primaryImageOfPage\":{\"@id\":\"https:\/\/rovelotire.staging.binary.ink\/es-us\/todos-los-neumaticos\/#primaryimage\"},\"image\":{\"@id\":\"https:\/\/rovelotire.staging.binary.ink\/es-us\/todos-los-neumaticos\/#primaryimage\"},\"thumbnailUrl\":\"https:\/\/rovelotire.ca\/wp-content\/uploads\/2025\/05\/9b7828c0d6fc816d4ac542eafee79d1842d31767-1024x981.png\",\"datePublished\":\"2025-04-09T14:10:43+00:00\",\"dateModified\":\"2025-09-16T21:02:21+00:00\",\"description\":\"Neum\u00e1ticos para autos, camiones, SUV y CUV. Conoce la l\u00ednea Rovelo: rendimiento, confiabilidad y precio inigualables.\",\"breadcrumb\":{\"@id\":\"https:\/\/rovelotire.staging.binary.ink\/es-us\/todos-los-neumaticos\/#breadcrumb\"},\"inLanguage\":\"es-US\",\"potentialAction\":[{\"@type\":\"ReadAction\",\"target\":[\"https:\/\/rovelotire.staging.binary.ink\/es-us\/todos-los-neumaticos\/\"]}]},{\"@type\":\"ImageObject\",\"inLanguage\":\"es-US\",\"@id\":\"https:\/\/rovelotire.staging.binary.ink\/es-us\/todos-los-neumaticos\/#primaryimage\",\"url\":\"https:\/\/rovelotire.ca\/wp-content\/uploads\/2025\/05\/9b7828c0d6fc816d4ac542eafee79d1842d31767-1024x981.png\",\"contentUrl\":\"https:\/\/rovelotire.ca\/wp-content\/uploads\/2025\/05\/9b7828c0d6fc816d4ac542eafee79d1842d31767-1024x981.png\"},{\"@type\":\"BreadcrumbList\",\"@id\":\"https:\/\/rovelotire.staging.binary.ink\/es-us\/todos-los-neumaticos\/#breadcrumb\",\"itemListElement\":[{\"@type\":\"ListItem\",\"position\":1,\"name\":\"Home\",\"item\":\"https:\/\/rovelotireusa.staging.binary.ink\/es-us\/\"},{\"@type\":\"ListItem\",\"position\":2,\"name\":\"TODOS LOS NEUM\u00c1TICOS\"}]},{\"@type\":\"WebSite\",\"@id\":\"https:\/\/rovelotire.ca\/#website\",\"url\":\"https:\/\/rovelotire.ca\/\",\"name\":\"Rovelo Tires Canada\",\"description\":\"\",\"publisher\":{\"@id\":\"https:\/\/rovelotire.ca\/#organization\"},\"alternateName\":\"Rovelo Tires Canada\",\"potentialAction\":[{\"@type\":\"SearchAction\",\"target\":{\"@type\":\"EntryPoint\",\"urlTemplate\":\"https:\/\/rovelotire.ca\/?s={search_term_string}\"},\"query-input\":{\"@type\":\"PropertyValueSpecification\",\"valueRequired\":true,\"valueName\":\"search_term_string\"}}],\"inLanguage\":\"es-US\"},{\"@type\":\"Organization\",\"@id\":\"https:\/\/rovelotire.ca\/#organization\",\"name\":\"Rovelo Tires Canada\",\"url\":\"https:\/\/rovelotire.ca\/\",\"logo\":{\"@type\":\"ImageObject\",\"inLanguage\":\"es-US\",\"@id\":\"https:\/\/rovelotire.ca\/#\/schema\/logo\/image\/\",\"url\":\"https:\/\/rovelotire.staging.binary.ink\/wp-content\/uploads\/2025\/04\/rovelo-logo.svg\",\"contentUrl\":\"https:\/\/rovelotire.staging.binary.ink\/wp-content\/uploads\/2025\/04\/rovelo-logo.svg\",\"caption\":\"Rovelo Tires Canada\"},\"image\":{\"@id\":\"https:\/\/rovelotire.ca\/#\/schema\/logo\/image\/\"}}]}<\/script>\n<!-- \/ Yoast SEO plugin. -->","yoast_head_json":{"title":"Explora Nuestra Gama Completa de Llantas | Rovelo Tires US","description":"Neum\u00e1ticos para autos, camiones, SUV y CUV. Conoce la l\u00ednea Rovelo: rendimiento, confiabilidad y precio inigualables.","robots":{"index":"index","follow":"follow","max-snippet":"max-snippet:-1","max-image-preview":"max-image-preview:large","max-video-preview":"max-video-preview:-1"},"canonical":"https:\/\/rovelotire.staging.binary.ink\/es-us\/todos-los-neumaticos\/","og_locale":"es_ES","og_type":"article","og_title":"Explora Nuestra Gama Completa de Llantas | Rovelo Tires US","og_description":"Neum\u00e1ticos para autos, camiones, SUV y CUV. Conoce la l\u00ednea Rovelo: rendimiento, confiabilidad y precio inigualables.","og_url":"https:\/\/rovelotire.staging.binary.ink\/es-us\/todos-los-neumaticos\/","og_site_name":"Rovelo Tire Canada","article_modified_time":"2025-09-16T21:02:21+00:00","og_image":[{"url":"https:\/\/rovelotire.ca\/wp-content\/uploads\/2025\/05\/9b7828c0d6fc816d4ac542eafee79d1842d31767-1024x981.png","type":"","width":"","height":""}],"twitter_card":"summary_large_image","twitter_misc":{"Est. reading time":"1 minute"},"schema":{"@context":"https:\/\/schema.org","@graph":[{"@type":"WebPage","@id":"https:\/\/rovelotire.staging.binary.ink\/es-us\/todos-los-neumaticos\/","url":"https:\/\/rovelotire.staging.binary.ink\/es-us\/todos-los-neumaticos\/","name":"Explora Nuestra Gama Completa de Llantas | Rovelo Tires US","isPartOf":{"@id":"https:\/\/rovelotire.ca\/#website"},"primaryImageOfPage":{"@id":"https:\/\/rovelotire.staging.binary.ink\/es-us\/todos-los-neumaticos\/#primaryimage"},"image":{"@id":"https:\/\/rovelotire.staging.binary.ink\/es-us\/todos-los-neumaticos\/#primaryimage"},"thumbnailUrl":"https:\/\/rovelotire.ca\/wp-content\/uploads\/2025\/05\/9b7828c0d6fc816d4ac542eafee79d1842d31767-1024x981.png","datePublished":"2025-04-09T14:10:43+00:00","dateModified":"2025-09-16T21:02:21+00:00","description":"Neum\u00e1ticos para autos, camiones, SUV y CUV. Conoce la l\u00ednea Rovelo: rendimiento, confiabilidad y precio inigualables.","breadcrumb":{"@id":"https:\/\/rovelotire.staging.binary.ink\/es-us\/todos-los-neumaticos\/#breadcrumb"},"inLanguage":"es-US","potentialAction":[{"@type":"ReadAction","target":["https:\/\/rovelotire.staging.binary.ink\/es-us\/todos-los-neumaticos\/"]}]},{"@type":"ImageObject","inLanguage":"es-US","@id":"https:\/\/rovelotire.staging.binary.ink\/es-us\/todos-los-neumaticos\/#primaryimage","url":"https:\/\/rovelotire.ca\/wp-content\/uploads\/2025\/05\/9b7828c0d6fc816d4ac542eafee79d1842d31767-1024x981.png","contentUrl":"https:\/\/rovelotire.ca\/wp-content\/uploads\/2025\/05\/9b7828c0d6fc816d4ac542eafee79d1842d31767-1024x981.png"},{"@type":"BreadcrumbList","@id":"https:\/\/rovelotire.staging.binary.ink\/es-us\/todos-los-neumaticos\/#breadcrumb","itemListElement":[{"@type":"ListItem","position":1,"name":"Home","item":"https:\/\/rovelotireusa.staging.binary.ink\/es-us\/"},{"@type":"ListItem","position":2,"name":"TODOS LOS NEUM\u00c1TICOS"}]},{"@type":"WebSite","@id":"https:\/\/rovelotire.ca\/#website","url":"https:\/\/rovelotire.ca\/","name":"Rovelo Tires Canada","description":"","publisher":{"@id":"https:\/\/rovelotire.ca\/#organization"},"alternateName":"Rovelo Tires Canada","potentialAction":[{"@type":"SearchAction","target":{"@type":"EntryPoint","urlTemplate":"https:\/\/rovelotire.ca\/?s={search_term_string}"},"query-input":{"@type":"PropertyValueSpecification","valueRequired":true,"valueName":"search_term_string"}}],"inLanguage":"es-US"},{"@type":"Organization","@id":"https:\/\/rovelotire.ca\/#organization","name":"Rovelo Tires Canada","url":"https:\/\/rovelotire.ca\/","logo":{"@type":"ImageObject","inLanguage":"es-US","@id":"https:\/\/rovelotire.ca\/#\/schema\/logo\/image\/","url":"https:\/\/rovelotire.staging.binary.ink\/wp-content\/uploads\/2025\/04\/rovelo-logo.svg","contentUrl":"https:\/\/rovelotire.staging.binary.ink\/wp-content\/uploads\/2025\/04\/rovelo-logo.svg","caption":"Rovelo Tires Canada"},"image":{"@id":"https:\/\/rovelotire.ca\/#\/schema\/logo\/image\/"}}]}},"_links":{"self":[{"href":"https:\/\/rovelotire.staging.binary.ink\/es-us\/wp-json\/wp\/v2\/pages\/2752","targetHints":{"allow":["GET"]}}],"collection":[{"href":"https:\/\/rovelotire.staging.binary.ink\/es-us\/wp-json\/wp\/v2\/pages"}],"about":[{"href":"https:\/\/rovelotire.staging.binary.ink\/es-us\/wp-json\/wp\/v2\/types\/page"}],"author":[{"embeddable":true,"href":"https:\/\/rovelotire.staging.binary.ink\/es-us\/wp-json\/wp\/v2\/users\/1"}],"replies":[{"embeddable":true,"href":"https:\/\/rovelotire.staging.binary.ink\/es-us\/wp-json\/wp\/v2\/comments?post=2752"}],"version-history":[{"count":2,"href":"https:\/\/rovelotire.staging.binary.ink\/es-us\/wp-json\/wp\/v2\/pages\/2752\/revisions"}],"predecessor-version":[{"id":2925,"href":"https:\/\/rovelotire.staging.binary.ink\/es-us\/wp-json\/wp\/v2\/pages\/2752\/revisions\/2925"}],"wp:attachment":[{"href":"https:\/\/rovelotire.staging.binary.ink\/es-us\/wp-json\/wp\/v2\/media?parent=2752"}],"curies":[{"name":"wp","href":"https:\/\/api.w.org\/{rel}","templated":true}]}}